{"id":50,"date":"2026-02-23T19:54:22","date_gmt":"2026-02-23T19:54:22","guid":{"rendered":"https:\/\/casaayehualco.com\/?page_id=50"},"modified":"2026-02-23T19:54:22","modified_gmt":"2026-02-23T19:54:22","slug":"activities","status":"publish","type":"page","link":"https:\/\/casaayehualco.com\/es\/activities\/","title":{"rendered":"Actividades"},"content":{"rendered":"<div data-elementor-type=\"wp-page\" data-elementor-id=\"50\" class=\"elementor elementor-50\" data-elementor-post-type=\"page\">\n\t\t\t\t<div class=\"elementor-element elementor-element-9c13809 e-flex e-con-boxed e-con e-parent\" data-id=\"9c13809\" data-element_type=\"container\" data-e-type=\"container\" data-settings=\"{&quot;background_background&quot;:&quot;classic&quot;}\">\n\t\t\t\t\t<div class=\"e-con-inner\">\n\t\t<div class=\"elementor-element elementor-element-a57ceb5 e-con-full e-flex e-con e-child\" data-id=\"a57ceb5\" data-element_type=\"container\" data-e-type=\"container\">\n\t\t<div class=\"elementor-element elementor-element-59eade1 e-con-full e-flex e-con e-child\" data-id=\"59eade1\" data-element_type=\"container\" data-e-type=\"container\">\n\t\t\t\t<div class=\"elementor-element elementor-element-e531262 elementor-widget elementor-widget-image\" data-id=\"e531262\" data-element_type=\"widget\" data-e-type=\"widget\" data-widget_type=\"image.default\">\n\t\t\t\t<div class=\"elementor-widget-container\">\n\t\t\t\t\t\t\t\t\t\t\t\t\t\t\t<img fetchpriority=\"high\" decoding=\"async\" width=\"1080\" height=\"1512\" src=\"https:\/\/casaayehualco.com\/wp-content\/uploads\/2025\/04\/Amatlan-09.jpg\" class=\"attachment-full size-full wp-image-92\" alt=\"\" srcset=\"https:\/\/casaayehualco.com\/wp-content\/uploads\/2025\/04\/Amatlan-09.jpg 1080w, https:\/\/casaayehualco.com\/wp-content\/uploads\/2025\/04\/Amatlan-09-214x300.jpg 214w, https:\/\/casaayehualco.com\/wp-content\/uploads\/2025\/04\/Amatlan-09-731x1024.jpg 731w, https:\/\/casaayehualco.com\/wp-content\/uploads\/2025\/04\/Amatlan-09-768x1075.jpg 768w\" sizes=\"(max-width: 1080px) 100vw, 1080px\" \/>\t\t\t\t\t\t\t\t\t\t\t\t\t\t\t<\/div>\n\t\t\t\t<\/div>\n\t\t\t\t<\/div>\n\t\t<div class=\"elementor-element elementor-element-4f07a25 e-con-full e-flex e-con e-child\" data-id=\"4f07a25\" data-element_type=\"container\" data-e-type=\"container\">\n\t\t\t\t<div class=\"elementor-element elementor-element-7789fc5 elementor-widget elementor-widget-heading\" data-id=\"7789fc5\" data-element_type=\"widget\" data-e-type=\"widget\" data-widget_type=\"heading.default\">\n\t\t\t\t<div class=\"elementor-widget-container\">\n\t\t\t\t\t<h2 class=\"elementor-heading-title elementor-size-default\">FOOD &amp; DRINK<\/h2>\t\t\t\t<\/div>\n\t\t\t\t<\/div>\n\t\t\t\t<div class=\"elementor-element elementor-element-cfe32aa elementor-widget elementor-widget-text-editor\" data-id=\"cfe32aa\" data-element_type=\"widget\" data-e-type=\"widget\" data-widget_type=\"text-editor.default\">\n\t\t\t\t<div class=\"elementor-widget-container\">\n\t\t\t\t\t\t\t\t\t<div class=\"page\" title=\"Page 5\"><div class=\"section\"><div class=\"layoutArea\"><div class=\"column\"><p>Cocina<\/p><p>Lunes \u2013 S\u00e1bado<br \/>8:00 &#8211; 9:00am<\/p><\/div><\/div><\/div><\/div>\t\t\t\t\t\t\t\t<\/div>\n\t\t\t\t<\/div>\n\t\t\t\t<div class=\"elementor-element elementor-element-88381c5 elementor-widget__width-initial elementor-widget elementor-widget-text-editor\" data-id=\"88381c5\" data-element_type=\"widget\" data-e-type=\"widget\" data-widget_type=\"text-editor.default\">\n\t\t\t\t<div class=\"elementor-widget-container\">\n\t\t\t\t\t\t\t\t\t<p>\u00b7 Preparaci\u00f3n de tortillas, tamales y quesadillas en la cocina de humo.<br data-start=\"176\" data-end=\"179\" \/>\u00b7 Clases de cocina local: visita al mercado y cocina en la cocina tradicional.<br data-start=\"256\" data-end=\"259\" \/>\u00b7 Elaboraci\u00f3n de pizzas en la cocina de humo.<\/p>\t\t\t\t\t\t\t\t<\/div>\n\t\t\t\t<\/div>\n\t\t\t\t<div class=\"elementor-element elementor-element-427185f elementor-widget elementor-widget-button\" data-id=\"427185f\" data-element_type=\"widget\" data-e-type=\"widget\" data-widget_type=\"button.default\">\n\t\t\t\t<div class=\"elementor-widget-container\">\n\t\t\t\t\t\t\t\t\t<div class=\"elementor-button-wrapper\">\n\t\t\t\t\t<a class=\"elementor-button elementor-button-link elementor-size-sm\" href=\"#\">\n\t\t\t\t\t\t<span class=\"elementor-button-content-wrapper\">\n\t\t\t\t\t\t\t\t\t<span class=\"elementor-button-text\">RESERVAR AHORA<\/span>\n\t\t\t\t\t<\/span>\n\t\t\t\t\t<\/a>\n\t\t\t\t<\/div>\n\t\t\t\t\t\t\t\t<\/div>\n\t\t\t\t<\/div>\n\t\t\t\t<\/div>\n\t\t\t\t<\/div>\n\t\t\t\t<div class=\"elementor-element elementor-element-8d996f4 elementor-widget-divider--view-line elementor-widget elementor-widget-divider\" data-id=\"8d996f4\" data-element_type=\"widget\" data-e-type=\"widget\" data-widget_type=\"divider.default\">\n\t\t\t\t<div class=\"elementor-widget-container\">\n\t\t\t\t\t\t\t<div class=\"elementor-divider\">\n\t\t\t<span class=\"elementor-divider-separator\">\n\t\t\t\t\t\t<\/span>\n\t\t<\/div>\n\t\t\t\t\t\t<\/div>\n\t\t\t\t<\/div>\n\t\t\t\t\t<\/div>\n\t\t\t\t<\/div>\n\t\t<div class=\"elementor-element elementor-element-d71d7ea e-flex e-con-boxed e-con e-parent\" data-id=\"d71d7ea\" data-element_type=\"container\" data-e-type=\"container\" data-settings=\"{&quot;background_background&quot;:&quot;classic&quot;}\">\n\t\t\t\t\t<div class=\"e-con-inner\">\n\t\t<div class=\"elementor-element elementor-element-66f613a e-con-full e-flex e-con e-child\" data-id=\"66f613a\" data-element_type=\"container\" data-e-type=\"container\">\n\t\t<div class=\"elementor-element elementor-element-fc90789 e-con-full e-flex e-con e-child\" data-id=\"fc90789\" data-element_type=\"container\" data-e-type=\"container\">\n\t\t\t\t<div class=\"elementor-element elementor-element-1d57770 elementor-widget elementor-widget-image\" data-id=\"1d57770\" data-element_type=\"widget\" data-e-type=\"widget\" data-widget_type=\"image.default\">\n\t\t\t\t<div class=\"elementor-widget-container\">\n\t\t\t\t\t\t\t\t\t\t\t\t\t\t\t<img decoding=\"async\" width=\"772\" height=\"1080\" src=\"https:\/\/casaayehualco.com\/wp-content\/uploads\/2025\/05\/Amatlan-30.jpg\" class=\"attachment-full size-full wp-image-232\" alt=\"\" srcset=\"https:\/\/casaayehualco.com\/wp-content\/uploads\/2025\/05\/Amatlan-30.jpg 772w, https:\/\/casaayehualco.com\/wp-content\/uploads\/2025\/05\/Amatlan-30-214x300.jpg 214w, https:\/\/casaayehualco.com\/wp-content\/uploads\/2025\/05\/Amatlan-30-732x1024.jpg 732w, https:\/\/casaayehualco.com\/wp-content\/uploads\/2025\/05\/Amatlan-30-768x1074.jpg 768w\" sizes=\"(max-width: 772px) 100vw, 772px\" \/>\t\t\t\t\t\t\t\t\t\t\t\t\t\t\t<\/div>\n\t\t\t\t<\/div>\n\t\t\t\t<\/div>\n\t\t<div class=\"elementor-element elementor-element-05dfd1c e-con-full e-flex e-con e-child\" data-id=\"05dfd1c\" data-element_type=\"container\" data-e-type=\"container\">\n\t\t\t\t<div class=\"elementor-element elementor-element-efa30fe elementor-widget elementor-widget-heading\" data-id=\"efa30fe\" data-element_type=\"widget\" data-e-type=\"widget\" data-widget_type=\"heading.default\">\n\t\t\t\t<div class=\"elementor-widget-container\">\n\t\t\t\t\t<h2 class=\"elementor-heading-title elementor-size-default\">HIKING<\/h2>\t\t\t\t<\/div>\n\t\t\t\t<\/div>\n\t\t\t\t<div class=\"elementor-element elementor-element-14a849f elementor-widget elementor-widget-text-editor\" data-id=\"14a849f\" data-element_type=\"widget\" data-e-type=\"widget\" data-widget_type=\"text-editor.default\">\n\t\t\t\t<div class=\"elementor-widget-container\">\n\t\t\t\t\t\t\t\t\t<div class=\"page\" title=\"Page 5\"><div class=\"section\"><div class=\"layoutArea\"><div class=\"column\"><p>Excursions<\/p><p>Lunes \u2013 S\u00e1bado<br \/>8:00 &#8211; 9:00am<\/p><\/div><\/div><\/div><\/div>\t\t\t\t\t\t\t\t<\/div>\n\t\t\t\t<\/div>\n\t\t\t\t<div class=\"elementor-element elementor-element-1df5d1c elementor-widget__width-initial elementor-widget elementor-widget-text-editor\" data-id=\"1df5d1c\" data-element_type=\"widget\" data-e-type=\"widget\" data-widget_type=\"text-editor.default\">\n\t\t\t\t<div class=\"elementor-widget-container\">\n\t\t\t\t\t\t\t\t\t<p>\u00b7 Rutas de caminata de variable duraci\u00f3n y grado de dificultad en los alrededores de la casa y poblados pr\u00f3ximos.<br data-start=\"408\" data-end=\"411\" \/>\u00b7 Paseos a caballo y en bicicleta guiados.<br data-start=\"455\" data-end=\"458\" \/>\u00b7 Caminatas con inter\u00e9s arqueol\u00f3gico, de apreciaci\u00f3n de naturaleza o bot\u00e1nico.<\/p>\t\t\t\t\t\t\t\t<\/div>\n\t\t\t\t<\/div>\n\t\t\t\t<div class=\"elementor-element elementor-element-25f7c85 elementor-widget elementor-widget-button\" data-id=\"25f7c85\" data-element_type=\"widget\" data-e-type=\"widget\" data-widget_type=\"button.default\">\n\t\t\t\t<div class=\"elementor-widget-container\">\n\t\t\t\t\t\t\t\t\t<div class=\"elementor-button-wrapper\">\n\t\t\t\t\t<a class=\"elementor-button elementor-button-link elementor-size-sm\" href=\"#\">\n\t\t\t\t\t\t<span class=\"elementor-button-content-wrapper\">\n\t\t\t\t\t\t\t\t\t<span class=\"elementor-button-text\">RESERVAR AHORA<\/span>\n\t\t\t\t\t<\/span>\n\t\t\t\t\t<\/a>\n\t\t\t\t<\/div>\n\t\t\t\t\t\t\t\t<\/div>\n\t\t\t\t<\/div>\n\t\t\t\t<\/div>\n\t\t\t\t<\/div>\n\t\t\t\t<div class=\"elementor-element elementor-element-a637e53 elementor-widget-divider--view-line elementor-widget elementor-widget-divider\" data-id=\"a637e53\" data-element_type=\"widget\" data-e-type=\"widget\" data-widget_type=\"divider.default\">\n\t\t\t\t<div class=\"elementor-widget-container\">\n\t\t\t\t\t\t\t<div class=\"elementor-divider\">\n\t\t\t<span class=\"elementor-divider-separator\">\n\t\t\t\t\t\t<\/span>\n\t\t<\/div>\n\t\t\t\t\t\t<\/div>\n\t\t\t\t<\/div>\n\t\t\t\t\t<\/div>\n\t\t\t\t<\/div>\n\t\t<div class=\"elementor-element elementor-element-0a3097d e-flex e-con-boxed e-con e-parent\" data-id=\"0a3097d\" data-element_type=\"container\" data-e-type=\"container\" data-settings=\"{&quot;background_background&quot;:&quot;classic&quot;}\">\n\t\t\t\t\t<div class=\"e-con-inner\">\n\t\t<div class=\"elementor-element elementor-element-5284f20 e-con-full e-flex e-con e-child\" data-id=\"5284f20\" data-element_type=\"container\" data-e-type=\"container\">\n\t\t<div class=\"elementor-element elementor-element-725af05 e-con-full e-flex e-con e-child\" data-id=\"725af05\" data-element_type=\"container\" data-e-type=\"container\">\n\t\t\t\t<div class=\"elementor-element elementor-element-32c7ae2 elementor-widget elementor-widget-image\" data-id=\"32c7ae2\" data-element_type=\"widget\" data-e-type=\"widget\" data-widget_type=\"image.default\">\n\t\t\t\t<div class=\"elementor-widget-container\">\n\t\t\t\t\t\t\t\t\t\t\t\t\t\t\t<img decoding=\"async\" width=\"1080\" height=\"1512\" src=\"https:\/\/casaayehualco.com\/wp-content\/uploads\/2025\/05\/Amatlan-31.jpg\" class=\"attachment-full size-full wp-image-233\" alt=\"\" srcset=\"https:\/\/casaayehualco.com\/wp-content\/uploads\/2025\/05\/Amatlan-31.jpg 1080w, https:\/\/casaayehualco.com\/wp-content\/uploads\/2025\/05\/Amatlan-31-214x300.jpg 214w, https:\/\/casaayehualco.com\/wp-content\/uploads\/2025\/05\/Amatlan-31-731x1024.jpg 731w, https:\/\/casaayehualco.com\/wp-content\/uploads\/2025\/05\/Amatlan-31-768x1075.jpg 768w\" sizes=\"(max-width: 1080px) 100vw, 1080px\" \/>\t\t\t\t\t\t\t\t\t\t\t\t\t\t\t<\/div>\n\t\t\t\t<\/div>\n\t\t\t\t<\/div>\n\t\t<div class=\"elementor-element elementor-element-2169c2c e-con-full e-flex e-con e-child\" data-id=\"2169c2c\" data-element_type=\"container\" data-e-type=\"container\">\n\t\t\t\t<div class=\"elementor-element elementor-element-cc3553b elementor-widget elementor-widget-heading\" data-id=\"cc3553b\" data-element_type=\"widget\" data-e-type=\"widget\" data-widget_type=\"heading.default\">\n\t\t\t\t<div class=\"elementor-widget-container\">\n\t\t\t\t\t<h2 class=\"elementor-heading-title elementor-size-default\">EXPERIENCES<\/h2>\t\t\t\t<\/div>\n\t\t\t\t<\/div>\n\t\t\t\t<div class=\"elementor-element elementor-element-298fff8 elementor-widget elementor-widget-text-editor\" data-id=\"298fff8\" data-element_type=\"widget\" data-e-type=\"widget\" data-widget_type=\"text-editor.default\">\n\t\t\t\t<div class=\"elementor-widget-container\">\n\t\t\t\t\t\t\t\t\t<div class=\"page\" title=\"Page 5\"><div class=\"section\"><div class=\"layoutArea\"><div class=\"column\"><p>Mercados &amp; Festividades<\/p><p>Lunes \u2013 S\u00e1bado<br \/>8:00 &#8211; 9:00am<\/p><\/div><\/div><\/div><\/div>\t\t\t\t\t\t\t\t<\/div>\n\t\t\t\t<\/div>\n\t\t\t\t<div class=\"elementor-element elementor-element-29b5379 elementor-widget__width-initial elementor-widget elementor-widget-text-editor\" data-id=\"29b5379\" data-element_type=\"widget\" data-e-type=\"widget\" data-widget_type=\"text-editor.default\">\n\t\t\t\t<div class=\"elementor-widget-container\">\n\t\t\t\t\t\t\t\t\t<p>\u00b7 Mercados locales de comida y artesan\u00eda.<br data-start=\"604\" data-end=\"607\" \/>\u00b7 Festividades como Semana Santa, D\u00eda de los Muertos, Fiestas Patronales.<br data-start=\"699\" data-end=\"702\" \/>\u00b7 Visitas a poblados cercanos de producci\u00f3n: visita a talleres en Morelos y Puebla a una distancia m\u00e1xima de 2 horas.<\/p>\t\t\t\t\t\t\t\t<\/div>\n\t\t\t\t<\/div>\n\t\t\t\t<div class=\"elementor-element elementor-element-24349e4 elementor-widget elementor-widget-button\" data-id=\"24349e4\" data-element_type=\"widget\" data-e-type=\"widget\" data-widget_type=\"button.default\">\n\t\t\t\t<div class=\"elementor-widget-container\">\n\t\t\t\t\t\t\t\t\t<div class=\"elementor-button-wrapper\">\n\t\t\t\t\t<a class=\"elementor-button elementor-button-link elementor-size-sm\" href=\"#\">\n\t\t\t\t\t\t<span class=\"elementor-button-content-wrapper\">\n\t\t\t\t\t\t\t\t\t<span class=\"elementor-button-text\">RESERVAR AHORA<\/span>\n\t\t\t\t\t<\/span>\n\t\t\t\t\t<\/a>\n\t\t\t\t<\/div>\n\t\t\t\t\t\t\t\t<\/div>\n\t\t\t\t<\/div>\n\t\t\t\t<\/div>\n\t\t\t\t<\/div>\n\t\t\t\t<div class=\"elementor-element elementor-element-c541859 elementor-widget-divider--view-line elementor-widget elementor-widget-divider\" data-id=\"c541859\" data-element_type=\"widget\" data-e-type=\"widget\" data-widget_type=\"divider.default\">\n\t\t\t\t<div class=\"elementor-widget-container\">\n\t\t\t\t\t\t\t<div class=\"elementor-divider\">\n\t\t\t<span class=\"elementor-divider-separator\">\n\t\t\t\t\t\t<\/span>\n\t\t<\/div>\n\t\t\t\t\t\t<\/div>\n\t\t\t\t<\/div>\n\t\t\t\t\t<\/div>\n\t\t\t\t<\/div>\n\t\t<div class=\"elementor-element elementor-element-f8559e0 e-flex e-con-boxed e-con e-parent\" data-id=\"f8559e0\" data-element_type=\"container\" data-e-type=\"container\" data-settings=\"{&quot;background_background&quot;:&quot;classic&quot;}\">\n\t\t\t\t\t<div class=\"e-con-inner\">\n\t\t<div class=\"elementor-element elementor-element-93683aa e-con-full e-flex e-con e-child\" data-id=\"93683aa\" data-element_type=\"container\" data-e-type=\"container\">\n\t\t<div class=\"elementor-element elementor-element-41b9325 e-con-full e-flex e-con e-child\" data-id=\"41b9325\" data-element_type=\"container\" data-e-type=\"container\">\n\t\t\t\t<div class=\"elementor-element elementor-element-6352316 elementor-widget elementor-widget-image\" data-id=\"6352316\" data-element_type=\"widget\" data-e-type=\"widget\" data-widget_type=\"image.default\">\n\t\t\t\t<div class=\"elementor-widget-container\">\n\t\t\t\t\t\t\t\t\t\t\t\t\t\t\t<img loading=\"lazy\" decoding=\"async\" width=\"1080\" height=\"1512\" src=\"https:\/\/casaayehualco.com\/wp-content\/uploads\/2025\/05\/Amatlan-32.jpg\" class=\"attachment-full size-full wp-image-234\" alt=\"\" srcset=\"https:\/\/casaayehualco.com\/wp-content\/uploads\/2025\/05\/Amatlan-32.jpg 1080w, https:\/\/casaayehualco.com\/wp-content\/uploads\/2025\/05\/Amatlan-32-214x300.jpg 214w, https:\/\/casaayehualco.com\/wp-content\/uploads\/2025\/05\/Amatlan-32-731x1024.jpg 731w, https:\/\/casaayehualco.com\/wp-content\/uploads\/2025\/05\/Amatlan-32-768x1075.jpg 768w\" sizes=\"(max-width: 1080px) 100vw, 1080px\" \/>\t\t\t\t\t\t\t\t\t\t\t\t\t\t\t<\/div>\n\t\t\t\t<\/div>\n\t\t\t\t<\/div>\n\t\t<div class=\"elementor-element elementor-element-a3c6b10 e-con-full e-flex e-con e-child\" data-id=\"a3c6b10\" data-element_type=\"container\" data-e-type=\"container\">\n\t\t\t\t<div class=\"elementor-element elementor-element-770ac56 elementor-widget elementor-widget-heading\" data-id=\"770ac56\" data-element_type=\"widget\" data-e-type=\"widget\" data-widget_type=\"heading.default\">\n\t\t\t\t<div class=\"elementor-widget-container\">\n\t\t\t\t\t<h2 class=\"elementor-heading-title elementor-size-default\">SURROUNDINGS<\/h2>\t\t\t\t<\/div>\n\t\t\t\t<\/div>\n\t\t\t\t<div class=\"elementor-element elementor-element-46c8c52 elementor-widget__width-initial elementor-widget elementor-widget-text-editor\" data-id=\"46c8c52\" data-element_type=\"widget\" data-e-type=\"widget\" data-widget_type=\"text-editor.default\">\n\t\t\t\t<div class=\"elementor-widget-container\">\n\t\t\t\t\t\t\t\t\t<div class=\"page\" title=\"Page 5\"><div class=\"section\"><div class=\"layoutArea\"><div class=\"column\"><p>Zonas arqueol\u00f3gicas, Pueblos interesantes (Ruta de los Conventos, Ruta de Zapata, Textiles), Haciendas, Ciudades y Pueblos cercanos<\/p><p>Lunes \u2013 S\u00e1bado<br \/>8:00 &#8211; 9:00am<\/p><\/div><\/div><\/div><\/div>\t\t\t\t\t\t\t\t<\/div>\n\t\t\t\t<\/div>\n\t\t\t\t<div class=\"elementor-element elementor-element-6014d0a elementor-widget__width-initial elementor-widget elementor-widget-text-editor\" data-id=\"6014d0a\" data-element_type=\"widget\" data-e-type=\"widget\" data-widget_type=\"text-editor.default\">\n\t\t\t\t<div class=\"elementor-widget-container\">\n\t\t\t\t\t\t\t\t\t<p>\u00b7 Zonas arqueol\u00f3gicas: Xochicalco, Chalcatzingo, Coatetelco.<br data-start=\"1004\" data-end=\"1007\" \/>\u00b7 Poblados con conventos y artesan\u00eda: Tlayacapan, Atltlahucan, Hueyapan, Zacualpan de Amilpas, Tetelcingo, Tetela del Volc\u00e1n, Cuernavaca. En Puebla, Atlixco y Puebla.<br data-start=\"1171\" data-end=\"1174\" \/>\u00b7 Haciendas de San Gabriel de las Palmas, San Antonio El Puente, San Antonio Atlacomulco, Santa Cruz Vista Alegre, Coahuixtla, etc<\/p>\t\t\t\t\t\t\t\t<\/div>\n\t\t\t\t<\/div>\n\t\t\t\t<div class=\"elementor-element elementor-element-f53833a elementor-widget elementor-widget-button\" data-id=\"f53833a\" data-element_type=\"widget\" data-e-type=\"widget\" data-widget_type=\"button.default\">\n\t\t\t\t<div class=\"elementor-widget-container\">\n\t\t\t\t\t\t\t\t\t<div class=\"elementor-button-wrapper\">\n\t\t\t\t\t<a class=\"elementor-button elementor-button-link elementor-size-sm\" href=\"#\">\n\t\t\t\t\t\t<span class=\"elementor-button-content-wrapper\">\n\t\t\t\t\t\t\t\t\t<span class=\"elementor-button-text\">RESERVAR AHORA<\/span>\n\t\t\t\t\t<\/span>\n\t\t\t\t\t<\/a>\n\t\t\t\t<\/div>\n\t\t\t\t\t\t\t\t<\/div>\n\t\t\t\t<\/div>\n\t\t\t\t<\/div>\n\t\t\t\t<\/div>\n\t\t\t\t<div class=\"elementor-element elementor-element-302db94 elementor-widget-divider--view-line elementor-widget elementor-widget-divider\" data-id=\"302db94\" data-element_type=\"widget\" data-e-type=\"widget\" data-widget_type=\"divider.default\">\n\t\t\t\t<div class=\"elementor-widget-container\">\n\t\t\t\t\t\t\t<div class=\"elementor-divider\">\n\t\t\t<span class=\"elementor-divider-separator\">\n\t\t\t\t\t\t<\/span>\n\t\t<\/div>\n\t\t\t\t\t\t<\/div>\n\t\t\t\t<\/div>\n\t\t\t\t\t<\/div>\n\t\t\t\t<\/div>\n\t\t<div class=\"elementor-element elementor-element-5eb1c81 e-flex e-con-boxed e-con e-parent\" data-id=\"5eb1c81\" data-element_type=\"container\" data-e-type=\"container\" data-settings=\"{&quot;background_background&quot;:&quot;classic&quot;}\">\n\t\t\t\t\t<div class=\"e-con-inner\">\n\t\t<div class=\"elementor-element elementor-element-673fd56 e-con-full e-flex e-con e-child\" data-id=\"673fd56\" data-element_type=\"container\" data-e-type=\"container\">\n\t\t<div class=\"elementor-element elementor-element-8da3996 e-con-full e-flex e-con e-child\" data-id=\"8da3996\" data-element_type=\"container\" data-e-type=\"container\">\n\t\t\t\t<div class=\"elementor-element elementor-element-74ec313 elementor-widget elementor-widget-image\" data-id=\"74ec313\" data-element_type=\"widget\" data-e-type=\"widget\" data-widget_type=\"image.default\">\n\t\t\t\t<div class=\"elementor-widget-container\">\n\t\t\t\t\t\t\t\t\t\t\t\t\t\t\t<img loading=\"lazy\" decoding=\"async\" width=\"1080\" height=\"1512\" src=\"https:\/\/casaayehualco.com\/wp-content\/uploads\/2025\/05\/Amatlan-29.jpg\" class=\"attachment-full size-full wp-image-231\" alt=\"\" srcset=\"https:\/\/casaayehualco.com\/wp-content\/uploads\/2025\/05\/Amatlan-29.jpg 1080w, https:\/\/casaayehualco.com\/wp-content\/uploads\/2025\/05\/Amatlan-29-214x300.jpg 214w, https:\/\/casaayehualco.com\/wp-content\/uploads\/2025\/05\/Amatlan-29-731x1024.jpg 731w, https:\/\/casaayehualco.com\/wp-content\/uploads\/2025\/05\/Amatlan-29-768x1075.jpg 768w\" sizes=\"(max-width: 1080px) 100vw, 1080px\" \/>\t\t\t\t\t\t\t\t\t\t\t\t\t\t\t<\/div>\n\t\t\t\t<\/div>\n\t\t\t\t<\/div>\n\t\t<div class=\"elementor-element elementor-element-188cb9c e-con-full e-flex e-con e-child\" data-id=\"188cb9c\" data-element_type=\"container\" data-e-type=\"container\">\n\t\t\t\t<div class=\"elementor-element elementor-element-0c747ec elementor-widget elementor-widget-heading\" data-id=\"0c747ec\" data-element_type=\"widget\" data-e-type=\"widget\" data-widget_type=\"heading.default\">\n\t\t\t\t<div class=\"elementor-widget-container\">\n\t\t\t\t\t<h2 class=\"elementor-heading-title elementor-size-default\">WELLNESS<\/h2>\t\t\t\t<\/div>\n\t\t\t\t<\/div>\n\t\t\t\t<div class=\"elementor-element elementor-element-4e60b0b elementor-widget elementor-widget-text-editor\" data-id=\"4e60b0b\" data-element_type=\"widget\" data-e-type=\"widget\" data-widget_type=\"text-editor.default\">\n\t\t\t\t<div class=\"elementor-widget-container\">\n\t\t\t\t\t\t\t\t\t<div class=\"page\" title=\"Page 5\"><div class=\"section\"><div class=\"layoutArea\"><div class=\"column\"><p>Bienestar<\/p><p>Lunes \u2013 S\u00e1bado<br \/>8:00 &#8211; 9:00am<\/p><\/div><\/div><\/div><\/div>\t\t\t\t\t\t\t\t<\/div>\n\t\t\t\t<\/div>\n\t\t\t\t<div class=\"elementor-element elementor-element-818b1f8 elementor-widget__width-initial elementor-widget elementor-widget-text-editor\" data-id=\"818b1f8\" data-element_type=\"widget\" data-e-type=\"widget\" data-widget_type=\"text-editor.default\">\n\t\t\t\t<div class=\"elementor-widget-container\">\n\t\t\t\t\t\t\t\t\t<p>\u00b7 Masajes<br data-start=\"1350\" data-end=\"1353\" \/>\u00b7 Aromaterapia<br data-start=\"1367\" data-end=\"1370\" \/>\u00b7 Temazcal tradicional (con ceremonia) \/ Medicina Tradicional<br data-start=\"1431\" data-end=\"1434\" \/>\u00b7 Picnic en caminatas y clase de yoga y meditaci\u00f3n<br data-start=\"1487\" data-end=\"1490\" \/>\u00b7 Sound healing<br data-start=\"1505\" data-end=\"1508\" \/>\u00b7 Ceremonia de Cacao<\/p>\t\t\t\t\t\t\t\t<\/div>\n\t\t\t\t<\/div>\n\t\t\t\t<div class=\"elementor-element elementor-element-247f9fd elementor-widget elementor-widget-button\" data-id=\"247f9fd\" data-element_type=\"widget\" data-e-type=\"widget\" data-widget_type=\"button.default\">\n\t\t\t\t<div class=\"elementor-widget-container\">\n\t\t\t\t\t\t\t\t\t<div class=\"elementor-button-wrapper\">\n\t\t\t\t\t<a class=\"elementor-button elementor-button-link elementor-size-sm\" href=\"#\">\n\t\t\t\t\t\t<span class=\"elementor-button-content-wrapper\">\n\t\t\t\t\t\t\t\t\t<span class=\"elementor-button-text\">RESERVAR AHORA<\/span>\n\t\t\t\t\t<\/span>\n\t\t\t\t\t<\/a>\n\t\t\t\t<\/div>\n\t\t\t\t\t\t\t\t<\/div>\n\t\t\t\t<\/div>\n\t\t\t\t<\/div>\n\t\t\t\t<\/div>\n\t\t\t\t<div class=\"elementor-element elementor-element-a318711 elementor-widget elementor-widget-spacer\" data-id=\"a318711\" data-element_type=\"widget\" data-e-type=\"widget\" data-widget_type=\"spacer.default\">\n\t\t\t\t<div class=\"elementor-widget-container\">\n\t\t\t\t\t\t\t<div class=\"elementor-spacer\">\n\t\t\t<div class=\"elementor-spacer-inner\"><\/div>\n\t\t<\/div>\n\t\t\t\t\t\t<\/div>\n\t\t\t\t<\/div>\n\t\t\t\t\t<\/div>\n\t\t\t\t<\/div>\n\t\t\t\t<\/div>","protected":false},"excerpt":{"rendered":"<p>FOOD &#038; DRINK Local Cooking Monday &#8211; Saturday8:00 &#8211; 9:00am \u00b7 Preparation of tortillas, tamales, and quesadillas in the smoke kitchen.\u00b7 Local cooking classes: market visit and cooking in the traditional kitchen.\u00b7 Pizza making in the smoke kitchen. BOOK NOW HIKING Excursions Monday &#8211; Saturday8:00 &#8211; 9:00am \u00b7 Hiking trails of varying length and difficulty [&hellip;]<\/p>\n","protected":false},"author":1,"featured_media":0,"parent":0,"menu_order":0,"comment_status":"closed","ping_status":"closed","template":"elementor_header_footer","meta":{"footnotes":""},"class_list":["post-50","page","type-page","status-publish","hentry"],"_links":{"self":[{"href":"https:\/\/casaayehualco.com\/es\/wp-json\/wp\/v2\/pages\/50","targetHints":{"allow":["GET"]}}],"collection":[{"href":"https:\/\/casaayehualco.com\/es\/wp-json\/wp\/v2\/pages"}],"about":[{"href":"https:\/\/casaayehualco.com\/es\/wp-json\/wp\/v2\/types\/page"}],"author":[{"embeddable":true,"href":"https:\/\/casaayehualco.com\/es\/wp-json\/wp\/v2\/users\/1"}],"replies":[{"embeddable":true,"href":"https:\/\/casaayehualco.com\/es\/wp-json\/wp\/v2\/comments?post=50"}],"version-history":[{"count":4,"href":"https:\/\/casaayehualco.com\/es\/wp-json\/wp\/v2\/pages\/50\/revisions"}],"predecessor-version":[{"id":237,"href":"https:\/\/casaayehualco.com\/es\/wp-json\/wp\/v2\/pages\/50\/revisions\/237"}],"wp:attachment":[{"href":"https:\/\/casaayehualco.com\/es\/wp-json\/wp\/v2\/media?parent=50"}],"curies":[{"name":"wp","href":"https:\/\/api.w.org\/{rel}","templated":true}]}}