{"id":131,"date":"2026-02-23T19:54:28","date_gmt":"2026-02-23T19:54:28","guid":{"rendered":"https:\/\/casaayehualco.com\/?page_id=131"},"modified":"2026-02-23T19:54:28","modified_gmt":"2026-02-23T19:54:28","slug":"contact","status":"publish","type":"page","link":"https:\/\/casaayehualco.com\/es\/contact\/","title":{"rendered":"Contacto"},"content":{"rendered":"<div data-elementor-type=\"wp-page\" data-elementor-id=\"131\" class=\"elementor elementor-131\" data-elementor-post-type=\"page\">\n\t\t\t\t<div class=\"elementor-element elementor-element-028a81e e-flex e-con-boxed e-con e-parent\" data-id=\"028a81e\" data-element_type=\"container\" data-e-type=\"container\" data-settings=\"{&quot;background_background&quot;:&quot;classic&quot;}\">\n\t\t\t\t\t<div class=\"e-con-inner\">\n\t\t<div class=\"elementor-element elementor-element-6c1b93f e-con-full e-flex e-con e-child\" data-id=\"6c1b93f\" data-element_type=\"container\" data-e-type=\"container\">\n\t\t\t\t<div class=\"elementor-element elementor-element-398a409 elementor-widget__width-initial elementor-widget elementor-widget-text-editor\" data-id=\"398a409\" data-element_type=\"widget\" data-e-type=\"widget\" data-widget_type=\"text-editor.default\">\n\t\t\t\t<div class=\"elementor-widget-container\">\n\t\t\t\t\t\t\t\t\t<p>\"Nuestras puertas est\u00e1n abiertas para recibirte en este refugio de contemplaci\u00f3n, en contacto con la naturaleza y celebraci\u00f3n\"<\/p>\t\t\t\t\t\t\t\t<\/div>\n\t\t\t\t<\/div>\n\t\t\t\t<div class=\"elementor-element elementor-element-ce7a1dd elementor-widget elementor-widget-text-editor\" data-id=\"ce7a1dd\" data-element_type=\"widget\" data-e-type=\"widget\" data-widget_type=\"text-editor.default\">\n\t\t\t\t<div class=\"elementor-widget-container\">\n\t\t\t\t\t\t\t\t\t<p>DIEGO VILLASE\u00d1OR<\/p>\t\t\t\t\t\t\t\t<\/div>\n\t\t\t\t<\/div>\n\t\t\t\t<\/div>\n\t\t\t\t\t<\/div>\n\t\t\t\t<\/div>\n\t\t<div class=\"elementor-element elementor-element-f73da20 e-flex e-con-boxed e-con e-parent\" data-id=\"f73da20\" data-element_type=\"container\" data-e-type=\"container\" data-settings=\"{&quot;background_background&quot;:&quot;classic&quot;}\">\n\t\t\t\t\t<div class=\"e-con-inner\">\n\t\t<div class=\"elementor-element elementor-element-43f81af e-con-full e-flex e-con e-child\" data-id=\"43f81af\" data-element_type=\"container\" data-e-type=\"container\">\n\t\t\t\t<div class=\"elementor-element elementor-element-3049ca0 elementor-widget__width-initial elementor-widget elementor-widget-text-editor\" data-id=\"3049ca0\" data-element_type=\"widget\" data-e-type=\"widget\" data-widget_type=\"text-editor.default\">\n\t\t\t\t<div class=\"elementor-widget-container\">\n\t\t\t\t\t\t\t\t\t<p class=\"translation-block\">Ponte en contacto<br>para conocernos mejor.<\/p>\t\t\t\t\t\t\t\t<\/div>\n\t\t\t\t<\/div>\n\t\t\t\t<\/div>\n\t\t<div class=\"elementor-element elementor-element-09fc30a e-con-full e-flex e-con e-child\" data-id=\"09fc30a\" data-element_type=\"container\" data-e-type=\"container\">\n\t\t\t\t<div class=\"elementor-element elementor-element-e4a7135 elementor-widget elementor-widget-text-editor\" data-id=\"e4a7135\" data-element_type=\"widget\" data-e-type=\"widget\" data-widget_type=\"text-editor.default\">\n\t\t\t\t<div class=\"elementor-widget-container\">\n\t\t\t\t\t\t\t\t\t<p>PARA RESERVAS, PRENSA O EVENTOS<\/p>\t\t\t\t\t\t\t\t<\/div>\n\t\t\t\t<\/div>\n\t\t\t\t<div class=\"elementor-element elementor-element-c1f20b8 elementor-widget__width-initial elementor-widget elementor-widget-text-editor\" data-id=\"c1f20b8\" data-element_type=\"widget\" data-e-type=\"widget\" data-widget_type=\"text-editor.default\">\n\t\t\t\t<div class=\"elementor-widget-container\">\n\t\t\t\t\t\t\t\t\t<p>Cont\u00e1ctanos v\u00eda Whatsapp:<br \/>+52 (55) 7962 4500<\/p><p>\u00a0<\/p>\t\t\t\t\t\t\t\t<\/div>\n\t\t\t\t<\/div>\n\t\t\t\t<\/div>\n\t\t\t\t\t<\/div>\n\t\t\t\t<\/div>\n\t\t\t\t<\/div>","protected":false},"excerpt":{"rendered":"<p>\u201cOur doors are open to receive you in this refuge for contemplation, contact with nature and celebration.\u201d DIEGO VILLASE\u00d1OR Get in touch, and get to knowus better. FOR BOOKINGS, PRESS OR EVENTS Contact us via Whatsapp:+52 (55) 7962 4500 \u00a0<\/p>","protected":false},"author":1,"featured_media":0,"parent":0,"menu_order":0,"comment_status":"closed","ping_status":"closed","template":"elementor_header_footer","meta":{"footnotes":""},"class_list":["post-131","page","type-page","status-publish","hentry"],"_links":{"self":[{"href":"https:\/\/casaayehualco.com\/es\/wp-json\/wp\/v2\/pages\/131","targetHints":{"allow":["GET"]}}],"collection":[{"href":"https:\/\/casaayehualco.com\/es\/wp-json\/wp\/v2\/pages"}],"about":[{"href":"https:\/\/casaayehualco.com\/es\/wp-json\/wp\/v2\/types\/page"}],"author":[{"embeddable":true,"href":"https:\/\/casaayehualco.com\/es\/wp-json\/wp\/v2\/users\/1"}],"replies":[{"embeddable":true,"href":"https:\/\/casaayehualco.com\/es\/wp-json\/wp\/v2\/comments?post=131"}],"version-history":[{"count":7,"href":"https:\/\/casaayehualco.com\/es\/wp-json\/wp\/v2\/pages\/131\/revisions"}],"predecessor-version":[{"id":469,"href":"https:\/\/casaayehualco.com\/es\/wp-json\/wp\/v2\/pages\/131\/revisions\/469"}],"wp:attachment":[{"href":"https:\/\/casaayehualco.com\/es\/wp-json\/wp\/v2\/media?parent=131"}],"curies":[{"name":"wp","href":"https:\/\/api.w.org\/{rel}","templated":true}]}}